{"id":21520,"date":"2021-02-20T15:40:36","date_gmt":"2021-02-20T20:40:36","guid":{"rendered":"https:\/\/linkmagnet.com\/?page_id=11520"},"modified":"2021-03-08T15:08:55","modified_gmt":"2021-03-08T20:08:55","slug":"events","status":"publish","type":"page","link":"https:\/\/www.linkmagnet.com\/fr\/events\/","title":{"rendered":"\u00c9v\u00e9nements"},"content":{"rendered":"<div data-elementor-type=\"wp-page\" data-elementor-id=\"21520\" class=\"elementor elementor-21520\" data-elementor-settings=\"[]\">\n\t\t\t\t\t\t<div class=\"elementor-inner\">\n\t\t\t\t\t\t\t<div class=\"elementor-section-wrap\">\n\t\t\t\t\t\t\t<section class=\"elementor-section elementor-top-section elementor-element elementor-element-0926595 elementor-section-boxed elementor-section-height-default elementor-section-height-default\" data-id=\"0926595\" data-element_type=\"section\">\n\t\t\t\t\t\t<div class=\"elementor-container elementor-column-gap-default\">\n\t\t\t\t\t\t\t<div class=\"elementor-row\">\n\t\t\t\t\t<div class=\"elementor-column elementor-col-100 elementor-top-column elementor-element elementor-element-565f350\" data-id=\"565f350\" data-element_type=\"column\">\n\t\t\t<div class=\"elementor-column-wrap elementor-element-populated\">\n\t\t\t\t\t\t\t<div class=\"elementor-widget-wrap\">\n\t\t\t\t\t\t<div class=\"elementor-element elementor-element-8cbecc6 elementor-widget elementor-widget-heading\" data-id=\"8cbecc6\" data-element_type=\"widget\" data-widget_type=\"heading.default\">\n\t\t\t\t<div class=\"elementor-widget-container\">\n\t\t\t<h3 class=\"elementor-heading-title elementor-size-default\">Pour les \u00e9v\u00e9nements pass\u00e9s, cliquez sur l'\u00e9v\u00e9nement pour obtenir un lien vers l'enregistrement correspondant.\n\nNOTE: Seulement en Anglais<\/h3>\t\t<\/div>\n\t\t\t\t<\/div>\n\t\t\t\t<div class=\"elementor-element elementor-element-61fbb05 elementor-widget elementor-widget-html\" data-id=\"61fbb05\" data-element_type=\"widget\" data-widget_type=\"html.default\">\n\t\t\t\t<div class=\"elementor-widget-container\">\n\t\t\t<p style=\"text-align: center;\"><iframe loading=\"lazy\" style=\"border: 0;\" src=\"https:\/\/calendar.google.com\/calendar\/embed?src=linkmagnetteam%40gmail.com&amp;ctz=America%2FNew_York\" width=\"800\" height=\"600\" frameborder=\"0\" scrolling=\"no\"><\/iframe><\/p>\t\t<\/div>\n\t\t\t\t<\/div>\n\t\t\t\t\t\t<\/div>\n\t\t\t\t\t<\/div>\n\t\t<\/div>\n\t\t\t\t\t\t\t\t<\/div>\n\t\t\t\t\t<\/div>\n\t\t<\/section>\n\t\t\t\t\t\t<\/div>\n\t\t\t\t\t\t<\/div>\n\t\t\t\t\t<\/div>","protected":false},"excerpt":{"rendered":"<p>Pour les \u00e9v\u00e9nements pass\u00e9s, cliquez sur l'\u00e9v\u00e9nement pour obtenir un lien vers l'enregistrement correspondant.\n\nNOTE: Seulement en Anglais<\/p>","protected":false},"author":963,"featured_media":0,"parent":0,"menu_order":0,"comment_status":"closed","ping_status":"closed","template":"elementor_header_footer","meta":[],"_links":{"self":[{"href":"https:\/\/www.linkmagnet.com\/fr\/wp-json\/wp\/v2\/pages\/21520"}],"collection":[{"href":"https:\/\/www.linkmagnet.com\/fr\/wp-json\/wp\/v2\/pages"}],"about":[{"href":"https:\/\/www.linkmagnet.com\/fr\/wp-json\/wp\/v2\/types\/page"}],"author":[{"embeddable":true,"href":"https:\/\/www.linkmagnet.com\/fr\/wp-json\/wp\/v2\/users\/963"}],"replies":[{"embeddable":true,"href":"https:\/\/www.linkmagnet.com\/fr\/wp-json\/wp\/v2\/comments?post=21520"}],"version-history":[{"count":2,"href":"https:\/\/www.linkmagnet.com\/fr\/wp-json\/wp\/v2\/pages\/21520\/revisions"}],"predecessor-version":[{"id":22254,"href":"https:\/\/www.linkmagnet.com\/fr\/wp-json\/wp\/v2\/pages\/21520\/revisions\/22254"}],"wp:attachment":[{"href":"https:\/\/www.linkmagnet.com\/fr\/wp-json\/wp\/v2\/media?parent=21520"}],"curies":[{"name":"wp","href":"https:\/\/api.w.org\/{rel}","templated":true}]}}