{"id":2032,"date":"2020-09-08T14:44:31","date_gmt":"2020-09-08T19:44:31","guid":{"rendered":"https:\/\/freedomforfamilies.com\/?post_type=product&#038;p=2032"},"modified":"2023-03-04T12:42:30","modified_gmt":"2023-03-04T17:42:30","slug":"linkmagnet-links","status":"publish","type":"product","link":"https:\/\/www.linkmagnet.com\/fr\/product\/linkmagnet-links\/","title":{"rendered":"LIENS LinkMagnet"},"content":{"rendered":"","protected":false},"excerpt":{"rendered":"<h4><strong><span style=\"color: #800000;\">ROBINET<\/span> <a href=\"https:\/\/lfic.us\/product\/primerica-recruiting-video-package\/\" target=\"_blank\" rel=\"noopener noreferrer\">ICI<\/a> <span style=\"color: #800000;\">SI VOUS N'AVEZ PAS ACHET\u00c9 VOTRE LICENCE POUR UTILISER DES VID\u00c9OS.<\/span><\/strong><\/h4>\n<h4>Une fois que vous avez re\u00e7u votre code pour utiliser les vid\u00e9os, vous pouvez l'appliquer en tant que CODE COUPON en haut de la page suivante. Cela r\u00e9duit vos frais d'inscription de $250.<\/h4>","protected":false},"featured_media":21223,"comment_status":"closed","ping_status":"closed","template":"","meta":[],"_links":{"self":[{"href":"https:\/\/www.linkmagnet.com\/fr\/wp-json\/wp\/v2\/product\/2032"}],"collection":[{"href":"https:\/\/www.linkmagnet.com\/fr\/wp-json\/wp\/v2\/product"}],"about":[{"href":"https:\/\/www.linkmagnet.com\/fr\/wp-json\/wp\/v2\/types\/product"}],"replies":[{"embeddable":true,"href":"https:\/\/www.linkmagnet.com\/fr\/wp-json\/wp\/v2\/comments?post=2032"}],"wp:featuredmedia":[{"embeddable":true,"href":"https:\/\/www.linkmagnet.com\/fr\/wp-json\/wp\/v2\/media\/21223"}],"wp:attachment":[{"href":"https:\/\/www.linkmagnet.com\/fr\/wp-json\/wp\/v2\/media?parent=2032"}],"curies":[{"name":"wp","href":"https:\/\/api.w.org\/{rel}","templated":true}]}}